{"id":956,"date":"2014-05-23T16:10:54","date_gmt":"2014-05-23T20:10:54","guid":{"rendered":"http:\/\/www.cecileboucher.com\/?page_id=956"},"modified":"2023-02-08T10:07:00","modified_gmt":"2023-02-08T15:07:00","slug":"et-si-le-temps","status":"publish","type":"page","link":"https:\/\/www.cecileboucher.com\/?page_id=956","title":{"rendered":"2000 Et le temps&#8230;"},"content":{"rendered":"<p style=\"text-align: justify;\">Cinq bo\u00eetes d\u2019acier, des assemblages, t\u00e9moignent de notre propension \u00e0 l&rsquo;invention et \u00e0 la technologie pour fa\u00e7onner l&rsquo;environnement. Chaque \u0153uvre, par transfert photographique sur aluminium, exprime une conjoncture soci\u00e9tale.<div class=\"su-custom-gallery su-custom-gallery-align-left su-custom-gallery-title-never su-lightbox-gallery\"><div class=\"su-custom-gallery-slide\" style=\"width:90px;height:90px\"><a href=\"https:\/\/www.cecileboucher.com\/wp-content\/uploads\/2014\/05\/Et-le-temps..._183x244x10cm_1999.jpg\" title=\"Et si le temps&#8230;, assemblage, 183 x 244 x 10cm l&rsquo;ensemble, 1999\"><img loading=\"lazy\" decoding=\"async\" src=\"https:\/\/www.cecileboucher.com\/wp-content\/uploads\/2014\/05\/Et-le-temps..._183x244x10cm_1999-90x90.jpg\" alt=\"Et si le temps&#8230;, assemblage, 183 x 244 x 10cm l&rsquo;ensemble, 1999\" width=\"90\" height=\"90\" \/><span class=\"su-custom-gallery-title\">Et si le temps&#8230;, assemblage, 183 x 244 x 10cm l&rsquo;ensemble, 1999<\/span><\/a><\/div><div class=\"su-custom-gallery-slide\" style=\"width:90px;height:90px\"><a href=\"https:\/\/www.cecileboucher.com\/wp-content\/uploads\/2014\/05\/et-si-le-temps...assemblage-163-x-100-x-10-cm-1999-.jpg\" title=\"et si le temps&#8230;assemblage, 163  x 100  x 10 cm, 1999\"><img loading=\"lazy\" decoding=\"async\" src=\"https:\/\/www.cecileboucher.com\/wp-content\/uploads\/2014\/05\/et-si-le-temps...assemblage-163-x-100-x-10-cm-1999--90x90.jpg\" alt=\"et si le temps&#8230;assemblage, 163  x 100  x 10 cm, 1999\" width=\"90\" height=\"90\" \/><span class=\"su-custom-gallery-title\">et si le temps&#8230;assemblage, 163  x 100  x 10 cm, 1999<\/span><\/a><\/div><div class=\"su-custom-gallery-slide\" style=\"width:90px;height:90px\"><a href=\"https:\/\/www.cecileboucher.com\/wp-content\/uploads\/2014\/05\/Et-si-le-temps-3.jpg\" title=\"Et si le temps&#8230;, assemblage, acier, ciment, n\u00e9on, transferts photo, inscriptions, 183 x 38 x 10 cm, 1999\"><img loading=\"lazy\" decoding=\"async\" src=\"https:\/\/www.cecileboucher.com\/wp-content\/uploads\/2014\/05\/Et-si-le-temps-3-90x90.jpg\" alt=\"Et si le temps&#8230;, assemblage, acier, ciment, n\u00e9on, transferts photo, inscriptions, 183 x 38 x 10 cm, 1999\" width=\"90\" height=\"90\" \/><span class=\"su-custom-gallery-title\">Et si le temps&#8230;, assemblage, acier, ciment, n\u00e9on, transferts photo, inscriptions, 183 x 38 x 10 cm, 1999<\/span><\/a><\/div><div class=\"su-custom-gallery-slide\" style=\"width:90px;height:90px\"><a href=\"https:\/\/www.cecileboucher.com\/wp-content\/uploads\/2014\/05\/hyperbole_-transferts-photo-sur-aluminium_75x120cm_1999.jpg\" title=\"Hyperbole, transferts photo et huile sur aluminium, 75 x 120 cm, 1999\"><img loading=\"lazy\" decoding=\"async\" src=\"https:\/\/www.cecileboucher.com\/wp-content\/uploads\/2014\/05\/hyperbole_-transferts-photo-sur-aluminium_75x120cm_1999-90x90.jpg\" alt=\"Hyperbole, transferts photo et huile sur aluminium, 75 x 120 cm, 1999\" width=\"90\" height=\"90\" \/><span class=\"su-custom-gallery-title\">Hyperbole, transferts photo et huile sur aluminium, 75 x 120 cm, 1999<\/span><\/a><\/div><div class=\"su-custom-gallery-slide\" style=\"width:90px;height:90px\"><a href=\"https:\/\/www.cecileboucher.com\/wp-content\/uploads\/2014\/05\/Br\u00e8che_transferts-photo-et-huile-sur-aluminium-72-x-120-cm-1999.jpg\" title=\"Br\u00e8che, transferts photo et huile sur aluminium, 72 x 120 cm, 1999\"><img loading=\"lazy\" decoding=\"async\" src=\"https:\/\/www.cecileboucher.com\/wp-content\/uploads\/2014\/05\/Br\u00e8che_transferts-photo-et-huile-sur-aluminium-72-x-120-cm-1999-90x90.jpg\" alt=\"Br\u00e8che, transferts photo et huile sur aluminium, 72 x 120 cm, 1999\" width=\"90\" height=\"90\" \/><span class=\"su-custom-gallery-title\">Br\u00e8che, transferts photo et huile sur aluminium, 72 x 120 cm, 1999<\/span><\/a><\/div><div class=\"su-custom-gallery-slide\" style=\"width:90px;height:90px\"><a href=\"https:\/\/www.cecileboucher.com\/wp-content\/uploads\/2014\/05\/Jeunesse-dor\u00e9e_transferts-photo-sur-aluminium_100x90cm_1999.jpg\" title=\"Jeunesse dor\u00e9e, transferts photo sur aluminium, 100 x 90 cm, 1999\"><img loading=\"lazy\" decoding=\"async\" src=\"https:\/\/www.cecileboucher.com\/wp-content\/uploads\/2014\/05\/Jeunesse-dor\u00e9e_transferts-photo-sur-aluminium_100x90cm_1999-90x90.jpg\" alt=\"Jeunesse dor\u00e9e, transferts photo sur aluminium, 100 x 90 cm, 1999\" width=\"90\" height=\"90\" \/><span class=\"su-custom-gallery-title\">Jeunesse dor\u00e9e, transferts photo sur aluminium, 100 x 90 cm, 1999<\/span><\/a><\/div><div class=\"su-custom-gallery-slide\" style=\"width:90px;height:90px\"><a href=\"https:\/\/www.cecileboucher.com\/wp-content\/uploads\/2014\/05\/Eur\u00eaka-transferts-et-huile-sur-aluminium-72-x-120-cm-1999.jpg\" title=\"Eur\u00eaka, transferts et huile sur aluminium, 72  x 120 cm, 1999\"><img loading=\"lazy\" decoding=\"async\" src=\"https:\/\/www.cecileboucher.com\/wp-content\/uploads\/2014\/05\/Eur\u00eaka-transferts-et-huile-sur-aluminium-72-x-120-cm-1999-90x90.jpg\" alt=\"Eur\u00eaka, transferts et huile sur aluminium, 72  x 120 cm, 1999\" width=\"90\" height=\"90\" \/><span class=\"su-custom-gallery-title\">Eur\u00eaka, transferts et huile sur aluminium, 72  x 120 cm, 1999<\/span><\/a><\/div><div class=\"su-custom-gallery-slide\" style=\"width:90px;height:90px\"><a href=\"https:\/\/www.cecileboucher.com\/wp-content\/uploads\/2014\/05\/Ni-rime-ni-raison.jpg\" title=\"Sans rime ni raison, transferts photographiques et huile sur aluminium, 100 x 90 cm, 1999\"><img loading=\"lazy\" decoding=\"async\" src=\"https:\/\/www.cecileboucher.com\/wp-content\/uploads\/2014\/05\/Ni-rime-ni-raison-90x90.jpg\" alt=\"Sans rime ni raison, transferts photographiques et huile sur aluminium, 100 x 90 cm, 1999\" width=\"90\" height=\"90\" \/><span class=\"su-custom-gallery-title\">Sans rime ni raison, transferts photographiques et huile sur aluminium, 100 x 90 cm, 1999<\/span><\/a><\/div><div class=\"su-clear\"><\/div><\/div>\n<p><span style=\"color: #000000;\"><a style=\"color: #000000;\" href=\"https:\/\/www.cecileboucher.com\/wp-content\/uploads\/2023\/02\/2000-sudbury.jpg\" target=\"_blank\" rel=\"noopener\">A Stunning Take on the Information Age &#8211; Boucher&rsquo;s Cold Images Strike The Heart (Rob O&rsquo;Flanagan, Sudbury Star, Feb. 12, 2000)<\/a><\/span><\/p>\n<p>&nbsp;<\/p>\n<p>&nbsp;<\/p>\n<p>&nbsp;<\/p>\n<p>&nbsp;<\/p>\n<p>&nbsp;<\/p>\n<p>&nbsp;<\/p>\n","protected":false},"excerpt":{"rendered":"<p>Cinq bo\u00eetes d\u2019acier, des assemblages, t\u00e9moignent de notre propension \u00e0 l&rsquo;invention et \u00e0 la technologie pour fa\u00e7onner l&rsquo;environnement. Chaque \u0153uvre, par transfert photographique sur aluminium, exprime une conjoncture soci\u00e9tale. A Stunning Take on the Information Age &#8211; Boucher&rsquo;s Cold Images Strike The Heart (Rob O&rsquo;Flanagan, Sudbury Star, Feb. 12, 2000) &nbsp; &nbsp; &nbsp; &nbsp; &nbsp; [&hellip;]<\/p>\n","protected":false},"author":1,"featured_media":0,"parent":1907,"menu_order":13,"comment_status":"closed","ping_status":"closed","template":"","meta":{"footnotes":""},"class_list":["post-956","page","type-page","status-publish","hentry"],"_links":{"self":[{"href":"https:\/\/www.cecileboucher.com\/index.php?rest_route=\/wp\/v2\/pages\/956","targetHints":{"allow":["GET"]}}],"collection":[{"href":"https:\/\/www.cecileboucher.com\/index.php?rest_route=\/wp\/v2\/pages"}],"about":[{"href":"https:\/\/www.cecileboucher.com\/index.php?rest_route=\/wp\/v2\/types\/page"}],"author":[{"embeddable":true,"href":"https:\/\/www.cecileboucher.com\/index.php?rest_route=\/wp\/v2\/users\/1"}],"replies":[{"embeddable":true,"href":"https:\/\/www.cecileboucher.com\/index.php?rest_route=%2Fwp%2Fv2%2Fcomments&post=956"}],"version-history":[{"count":35,"href":"https:\/\/www.cecileboucher.com\/index.php?rest_route=\/wp\/v2\/pages\/956\/revisions"}],"predecessor-version":[{"id":3246,"href":"https:\/\/www.cecileboucher.com\/index.php?rest_route=\/wp\/v2\/pages\/956\/revisions\/3246"}],"up":[{"embeddable":true,"href":"https:\/\/www.cecileboucher.com\/index.php?rest_route=\/wp\/v2\/pages\/1907"}],"wp:attachment":[{"href":"https:\/\/www.cecileboucher.com\/index.php?rest_route=%2Fwp%2Fv2%2Fmedia&parent=956"}],"curies":[{"name":"wp","href":"https:\/\/api.w.org\/{rel}","templated":true}]}}