{"id":820,"date":"2014-05-21T11:41:00","date_gmt":"2014-05-21T15:41:00","guid":{"rendered":"http:\/\/www.cecileboucher.com\/?page_id=820"},"modified":"2021-09-19T15:53:59","modified_gmt":"2021-09-19T19:53:59","slug":"2007-pontages","status":"publish","type":"page","link":"https:\/\/www.cecileboucher.com\/?page_id=820","title":{"rendered":"2007 Pontages"},"content":{"rendered":"<p style=\"text-align: justify;\">Les rivi\u00e8res fournissent l\u2019eau, \u00e9l\u00e9ment essentiel \u00e0 la survie humaine, mais aussi les art\u00e8res de communication qui facilitent l\u2019exploration des contr\u00e9es int\u00e9rieures. Une fois \u00e9tablis sur leurs rives, les humains ont par ailleurs cherch\u00e9 \u00e0 en dompter le cours par leurs ouvrages, des ponts, des barrages, des digues autant que des canaux.<\/p>\n<p style=\"text-align: justify;\"><div class=\"su-custom-gallery su-custom-gallery-align-left su-custom-gallery-title-never su-lightbox-gallery\"><div class=\"su-custom-gallery-slide\" style=\"width:90px;height:90px\"><a href=\"https:\/\/www.cecileboucher.com\/wp-content\/uploads\/2014\/05\/Pontages-1_OHI_3x3m_2007.jpg\" title=\"Pontages 1, estampe num\u00e9rique sur papier, 3 x 3 cm, Institut de cardiologie d&rsquo;Ottawa (OHI), 2007\"><img loading=\"lazy\" decoding=\"async\" src=\"https:\/\/www.cecileboucher.com\/wp-content\/uploads\/2014\/05\/Pontages-1_OHI_3x3m_2007-90x90.jpg\" alt=\"Pontages 1, estampe num\u00e9rique sur papier, 3 x 3 cm, Institut de cardiologie d&rsquo;Ottawa (OHI), 2007\" width=\"90\" height=\"90\" \/><span class=\"su-custom-gallery-title\">Pontages 1, estampe num\u00e9rique sur papier, 3 x 3 cm, Institut de cardiologie d&rsquo;Ottawa (OHI), 2007<\/span><\/a><\/div><div class=\"su-custom-gallery-slide\" style=\"width:90px;height:90px\"><a href=\"https:\/\/www.cecileboucher.com\/wp-content\/uploads\/2014\/05\/Pontages-2_OHI_3x3m_2007.jpg\" title=\"Pontages 2, estampe num\u00e9rique, 3 x 3 m, Institut de cardiologie d&rsquo;Ottawa (OHI), 2007\"><img loading=\"lazy\" decoding=\"async\" src=\"https:\/\/www.cecileboucher.com\/wp-content\/uploads\/2014\/05\/Pontages-2_OHI_3x3m_2007-90x90.jpg\" alt=\"Pontages 2, estampe num\u00e9rique, 3 x 3 m, Institut de cardiologie d&rsquo;Ottawa (OHI), 2007\" width=\"90\" height=\"90\" \/><span class=\"su-custom-gallery-title\">Pontages 2, estampe num\u00e9rique, 3 x 3 m, Institut de cardiologie d&rsquo;Ottawa (OHI), 2007<\/span><\/a><\/div><div class=\"su-custom-gallery-slide\" style=\"width:90px;height:90px\"><a href=\"https:\/\/www.cecileboucher.com\/wp-content\/uploads\/2014\/05\/Pontages-3_OHI_3x3m_2007.jpg\" title=\"Pontages 3, estampe num\u00e9rique, 3 x 3 cm, Institut de cardiologie d&rsquo;Ottawa (OHI), 2007\"><img loading=\"lazy\" decoding=\"async\" src=\"https:\/\/www.cecileboucher.com\/wp-content\/uploads\/2014\/05\/Pontages-3_OHI_3x3m_2007-90x90.jpg\" alt=\"Pontages 3, estampe num\u00e9rique, 3 x 3 cm, Institut de cardiologie d&rsquo;Ottawa (OHI), 2007\" width=\"90\" height=\"90\" \/><span class=\"su-custom-gallery-title\">Pontages 3, estampe num\u00e9rique, 3 x 3 cm, Institut de cardiologie d&rsquo;Ottawa (OHI), 2007<\/span><\/a><\/div><div class=\"su-clear\"><\/div><\/div>\n<p>&nbsp;<\/p>\n<p>&nbsp;<\/p>\n<p>&nbsp;<\/p>\n<p>&nbsp;<\/p>\n","protected":false},"excerpt":{"rendered":"<p>Les rivi\u00e8res fournissent l\u2019eau, \u00e9l\u00e9ment essentiel \u00e0 la survie humaine, mais aussi les art\u00e8res de communication qui facilitent l\u2019exploration des contr\u00e9es int\u00e9rieures. Une fois \u00e9tablis sur leurs rives, les humains ont par ailleurs cherch\u00e9 \u00e0 en dompter le cours par leurs ouvrages, des ponts, des barrages, des digues autant que des canaux. &nbsp; &nbsp; &nbsp; [&hellip;]<\/p>\n","protected":false},"author":1,"featured_media":0,"parent":1907,"menu_order":4,"comment_status":"closed","ping_status":"closed","template":"","meta":{"footnotes":""},"class_list":["post-820","page","type-page","status-publish","hentry"],"_links":{"self":[{"href":"https:\/\/www.cecileboucher.com\/index.php?rest_route=\/wp\/v2\/pages\/820","targetHints":{"allow":["GET"]}}],"collection":[{"href":"https:\/\/www.cecileboucher.com\/index.php?rest_route=\/wp\/v2\/pages"}],"about":[{"href":"https:\/\/www.cecileboucher.com\/index.php?rest_route=\/wp\/v2\/types\/page"}],"author":[{"embeddable":true,"href":"https:\/\/www.cecileboucher.com\/index.php?rest_route=\/wp\/v2\/users\/1"}],"replies":[{"embeddable":true,"href":"https:\/\/www.cecileboucher.com\/index.php?rest_route=%2Fwp%2Fv2%2Fcomments&post=820"}],"version-history":[{"count":8,"href":"https:\/\/www.cecileboucher.com\/index.php?rest_route=\/wp\/v2\/pages\/820\/revisions"}],"predecessor-version":[{"id":2938,"href":"https:\/\/www.cecileboucher.com\/index.php?rest_route=\/wp\/v2\/pages\/820\/revisions\/2938"}],"up":[{"embeddable":true,"href":"https:\/\/www.cecileboucher.com\/index.php?rest_route=\/wp\/v2\/pages\/1907"}],"wp:attachment":[{"href":"https:\/\/www.cecileboucher.com\/index.php?rest_route=%2Fwp%2Fv2%2Fmedia&parent=820"}],"curies":[{"name":"wp","href":"https:\/\/api.w.org\/{rel}","templated":true}]}}