{"id":910,"date":"2014-05-22T21:06:38","date_gmt":"2014-05-23T01:06:38","guid":{"rendered":"http:\/\/www.cecileboucher.com\/?page_id=910"},"modified":"2021-09-19T15:51:23","modified_gmt":"2021-09-19T19:51:23","slug":"2003-barbie","status":"publish","type":"page","link":"http:\/\/www.cecileboucher.com\/?page_id=910","title":{"rendered":"2003 Correspondances"},"content":{"rendered":"<p style=\"text-align: justify;\">Cette \u0153uvre a \u00e9t\u00e9 cr\u00e9\u00e9e lors de l\u2019exposition <em>Correspondances <\/em>sous le th\u00e8me de \u00ab Barbie \u00bb. Interpr\u00e9ter un jeu par un autre jeu. Sur un c\u00f4t\u00e9, l\u2019image actualis\u00e9e de la poup\u00e9e suite \u00e0 des manipulations informatiques. C\u2019est un vrai casse-t\u00eate. Sur l\u2019autre c\u00f4t\u00e9, trois phrases dites par la c\u00e9l\u00e8bre poup\u00e9e: <em>Les maths sont ardues.<\/em> <em>I love shopping<\/em> (j\u2019adore magasiner). <em>Aurons-nous assez de v\u00eatements ?<\/em><br \/>\n<div class=\"su-custom-gallery su-custom-gallery-align-left su-custom-gallery-title-never su-lightbox-gallery\"><div class=\"su-custom-gallery-slide\" style=\"width:90px;height:90px\"><a href=\"http:\/\/www.cecileboucher.com\/wp-content\/uploads\/2014\/05\/Doublure_faceA_70x50x30cm_2003.jpg\" title=\"Doublure, face A, estampe num\u00e9rique sur bois Balsa coup\u00e9 et d\u00e9pos\u00e9 dans un coffret, 70 x 50 x 30 cm, 2003\"><img loading=\"lazy\" decoding=\"async\" src=\"http:\/\/www.cecileboucher.com\/wp-content\/uploads\/2014\/05\/Doublure_faceA_70x50x30cm_2003-90x90.jpg\" alt=\"Doublure, face A, estampe num\u00e9rique sur bois Balsa coup\u00e9 et d\u00e9pos\u00e9 dans un coffret, 70 x 50 x 30 cm, 2003\" width=\"90\" height=\"90\" \/><span class=\"su-custom-gallery-title\">Doublure, face A, estampe num\u00e9rique sur bois Balsa coup\u00e9 et d\u00e9pos\u00e9 dans un coffret, 70 x 50 x 30 cm, 2003<\/span><\/a><\/div><div class=\"su-custom-gallery-slide\" style=\"width:90px;height:90px\"><a href=\"http:\/\/www.cecileboucher.com\/wp-content\/uploads\/2014\/05\/Doublure_faceB_70x50x30cm_2003.jpg\" title=\"Doublure, face B, transferts photos sur Balsa d\u00e9coup\u00e9s et d\u00e9pos\u00e9s dans un coffret, 70 x 50 x 30 cm, 2003\"><img loading=\"lazy\" decoding=\"async\" src=\"http:\/\/www.cecileboucher.com\/wp-content\/uploads\/2014\/05\/Doublure_faceB_70x50x30cm_2003-90x90.jpg\" alt=\"Doublure, face B, transferts photos sur Balsa d\u00e9coup\u00e9s et d\u00e9pos\u00e9s dans un coffret, 70 x 50 x 30 cm, 2003\" width=\"90\" height=\"90\" \/><span class=\"su-custom-gallery-title\">Doublure, face B, transferts photos sur Balsa d\u00e9coup\u00e9s et d\u00e9pos\u00e9s dans un coffret, 70 x 50 x 30 cm, 2003<\/span><\/a><\/div><div class=\"su-clear\"><\/div><\/div>\n<p>&nbsp;<\/p>\n<p>&nbsp;<\/p>\n<p>&nbsp;<\/p>\n<p>&nbsp;<\/p>\n","protected":false},"excerpt":{"rendered":"<p>Cette \u0153uvre a \u00e9t\u00e9 cr\u00e9\u00e9e lors de l\u2019exposition Correspondances sous le th\u00e8me de \u00ab Barbie \u00bb. Interpr\u00e9ter un jeu par un autre jeu. Sur un c\u00f4t\u00e9, l\u2019image actualis\u00e9e de la poup\u00e9e suite \u00e0 des manipulations informatiques. C\u2019est un vrai casse-t\u00eate. Sur l\u2019autre c\u00f4t\u00e9, trois phrases dites par la c\u00e9l\u00e8bre poup\u00e9e: Les maths sont ardues. I [&hellip;]<\/p>\n","protected":false},"author":1,"featured_media":0,"parent":1907,"menu_order":9,"comment_status":"closed","ping_status":"closed","template":"","meta":{"footnotes":""},"class_list":["post-910","page","type-page","status-publish","hentry"],"_links":{"self":[{"href":"http:\/\/www.cecileboucher.com\/index.php?rest_route=\/wp\/v2\/pages\/910","targetHints":{"allow":["GET"]}}],"collection":[{"href":"http:\/\/www.cecileboucher.com\/index.php?rest_route=\/wp\/v2\/pages"}],"about":[{"href":"http:\/\/www.cecileboucher.com\/index.php?rest_route=\/wp\/v2\/types\/page"}],"author":[{"embeddable":true,"href":"http:\/\/www.cecileboucher.com\/index.php?rest_route=\/wp\/v2\/users\/1"}],"replies":[{"embeddable":true,"href":"http:\/\/www.cecileboucher.com\/index.php?rest_route=%2Fwp%2Fv2%2Fcomments&post=910"}],"version-history":[{"count":18,"href":"http:\/\/www.cecileboucher.com\/index.php?rest_route=\/wp\/v2\/pages\/910\/revisions"}],"predecessor-version":[{"id":2932,"href":"http:\/\/www.cecileboucher.com\/index.php?rest_route=\/wp\/v2\/pages\/910\/revisions\/2932"}],"up":[{"embeddable":true,"href":"http:\/\/www.cecileboucher.com\/index.php?rest_route=\/wp\/v2\/pages\/1907"}],"wp:attachment":[{"href":"http:\/\/www.cecileboucher.com\/index.php?rest_route=%2Fwp%2Fv2%2Fmedia&parent=910"}],"curies":[{"name":"wp","href":"https:\/\/api.w.org\/{rel}","templated":true}]}}